{"id":4912,"date":"2026-03-03T18:33:32","date_gmt":"2026-03-03T17:33:32","guid":{"rendered":"https:\/\/tmp.astucebudget.fr\/?page_id=4912"},"modified":"2026-03-03T18:37:13","modified_gmt":"2026-03-03T17:37:13","slug":"politique-de-confidentialite-2","status":"publish","type":"page","link":"https:\/\/tmp.astucebudget.fr\/?page_id=4912","title":{"rendered":"Politique de confidentialit\u00e9"},"content":{"rendered":"\t\t<div data-elementor-type=\"wp-page\" data-elementor-id=\"4912\" class=\"elementor elementor-4912\">\n\t\t\t\t\t\t<section class=\"has-el-gap el-gap-default elementor-section elementor-top-section elementor-element elementor-element-cce0c45 elementor-section-boxed elementor-section-height-default elementor-section-height-default\" data-id=\"cce0c45\" data-element_type=\"section\" data-e-type=\"section\">\n\t\t\t\t\t\t<div class=\"elementor-container elementor-column-gap-no\">\n\t\t\t\t\t<div class=\"elementor-column elementor-col-100 elementor-top-column elementor-element elementor-element-6d59d0c\" data-id=\"6d59d0c\" data-element_type=\"column\" data-e-type=\"column\">\n\t\t\t<div class=\"elementor-widget-wrap elementor-element-populated\">\n\t\t\t\t\t\t<div class=\"elementor-element elementor-element-1e944ec elementor-widget elementor-widget-text-editor\" data-id=\"1e944ec\" data-element_type=\"widget\" data-e-type=\"widget\" data-widget_type=\"text-editor.default\">\n\t\t\t\t\t\t\t\t\t<h2>olitique de donn\u00e9es personnelles<\/h2>\n<p>Pawnee est \u00e9diteur de sites de contenus et services en ligne accessibles depuis tout type de supports num\u00e9riques incluant notamment sites web, applications, plates-formes sociales, newsletter, et tout autre support existant (ci-apr\u00e8s les \u00ab&nbsp;Services&nbsp;\u00bb).<\/p>\n<p>Pawnee est tr\u00e8s attach\u00e9e au respect de la vie priv\u00e9e des utilisateurs de ses Services (ci-apr\u00e8s les \u00ab&nbsp;Utilisateurs&nbsp;\u00bb) et \u00e0 la protection des Donn\u00e9es Personnelles les concernant.<\/p>\n<p>La pr\u00e9sente Politique des Donn\u00e9es Personnelles (ci-apr\u00e8s la \u00ab&nbsp;Politique&nbsp;\u00bb) a pour but d\u2019informer les Utilisateurs de l\u2019utilisation que Planet Media fait de leurs Donn\u00e9es Personnelles, dans le respect de la l\u00e9gislation fran\u00e7aise et europ\u00e9enne applicable, notamment de la Loi n\u00b0 78-17 du 6 janvier 1978 relative \u00e0 l\u2019informatique, aux fichiers et aux libert\u00e9s (ci-apr\u00e8s la \u00ab Loi Informatique et Libert\u00e9s \u00bb) et du R\u00e8glement (UE) 2016\/679 du Parlement europ\u00e9en et du Conseil du 27 avril 2016 relatif \u00e0 la protection des personnes physiques \u00e0 l\u2019\u00e9gard du traitement des Donn\u00e9es Personnelles \u00e0 caract\u00e8re personnel et \u00e0 la libre circulation de ces Donn\u00e9es Personnelles, et abrogeant la directive 95\/46\/CE (ci-apr\u00e8s le \u00ab RGPD \u00bb) (ci-apr\u00e8s ensemble la \u00ab R\u00e9glementation Applicable \u00bb). Elle vous informe \u00e9galement des proc\u00e9d\u00e9s de collecte et d\u2019utilisation de vos Donn\u00e9es Personnelles et des options dont vous b\u00e9n\u00e9ficiez \u00e0 cet \u00e9gard.<\/p>\n<p>En acc\u00e9dant et\/ou en utilisant le Service, l\u2019Utilisateur accepte que ses Donn\u00e9es Personnelles soient collect\u00e9es et trait\u00e9es dans les conditions et modalit\u00e9s expos\u00e9es ci-apr\u00e8s. Si l\u2019Utilisateur n\u2019accepte pas la pr\u00e9sente Politique, il doit cesser toute utilisation du Service.<\/p>\n<p>La Politique fait partie int\u00e9grante des Conditions g\u00e9n\u00e9rales d\u2019utilisation du Service (ci-apr\u00e8s les \u00ab&nbsp;CGU&nbsp;\u00bb) et doit \u00eatre lue conjointement \u00e0 ces CGU.&nbsp;<a href=\"https:\/\/mon-quotidien.net\/cgu\/\">Voir les CGU<\/a><\/p>\n<p>La Politique peut \u00eatre modifi\u00e9e \u00e0 tout moment par Pawnee, afin notamment de se conformer \u00e0 toutes \u00e9volutions l\u00e9gislatives, r\u00e9glementaires, jurisprudentielles, \u00e9ditoriales ou techniques. L\u2019Utilisateur doit donc se r\u00e9f\u00e9rer avant toute navigation \u00e0 la derni\u00e8re version de la Politique.<\/p>\n<h2>Identit\u00e9 du Responsable de traitement<\/h2>\n<p>S\u2019agissant de la collecte des Donn\u00e9es Personnelles, de l\u2019information des Utilisateurs et de la mise en \u0153uvre effective de leurs droits, le Responsable du traitement des Donn\u00e9es Personnelles des Utilisateurs est Pawnee, dont l\u2019adresse est situ\u00e9e au 65, rue du Bourbonnais, 69009 Lyon, immatricul\u00e9e au Registre du Commerce et des Soci\u00e9t\u00e9s de Lyon sous le num\u00e9ro B 797 515 202, TVA intracommunautaire n\u00b0 FR72797515202&nbsp;(ci-apr\u00e8s \u00ab&nbsp;Pawnee \u00bb, \u00ab&nbsp;Nous&nbsp;\u00bb, \u00ab&nbsp;Notre&nbsp;\u00bb, \u00ab&nbsp;Nos&nbsp;\u00bb).<\/p>\n<h2>Collecte des donn\u00e9es personnelles<\/h2>\n<p>Pawnee dans le cadre de l\u2019utilisation de ses Services peut \u00eatre amen\u00e9 \u00e0 collecter et traiter des donn\u00e9es d\u00e9claratives, des donn\u00e9es comportementales de ses Utilisateurs et des donn\u00e9es d\u2019interaction avec ces derniers.<\/p>\n<p>En particulier, Pawnee peut \u00eatre amen\u00e9 \u00e0 collecter les Donn\u00e9es Personnelles dans les conditions suivantes&nbsp;:<\/p>\n<ul type=\"disc\">\n<li>Lorsque vous cr\u00e9ez un compte utilisateur sur nos sites afin d\u2019acc\u00e9der aux diff\u00e9rents Services,<\/li>\n<li>Lorsque vous vous abonnez \u00e0 nos lettres d\u2019informations ou celles de nos partenaires,<\/li>\n<li>Lorsque vous participez aux jeux concours que nous organisons,<\/li>\n<li>Lorsque nous devons collecter de la donn\u00e9e \u00e0 des fins d\u2019am\u00e9lioration de l\u2019exp\u00e9rience utilisateur sur nos Services,<\/li>\n<li>Lorsque nous collectons des donn\u00e9es afin de vous adresser de la publicit\u00e9 cibl\u00e9e,<\/li>\n<li>Lorsque nous r\u00e9alisons des \u00e9tudes statistiques et des mesures d\u2019audience de consultation de nos diff\u00e9rents Services.<\/li>\n<\/ul>\n<p>Pawnee ne collecte que les donn\u00e9es n\u00e9cessaires aux objectifs pour lesquelles elles sont trait\u00e9es.<\/p>\n<p>Ces objectifs sont sp\u00e9cifiques et l\u00e9gitimes et, en aucun cas, vos donn\u00e9es ne seront trait\u00e9es ult\u00e9rieurement d\u2019une mani\u00e8re incompatible avec ces finalit\u00e9s, sauf \u00e0 recueillir votre accord pr\u00e9alable.<\/p>\n<p><u>Donn\u00e9es D\u00e9claratives<\/u><\/p>\n<p>Pawnee est susceptible de constituer un ou plusieurs fichiers comportant les informations que vous lui fournissez&nbsp; volontairement pour b\u00e9n\u00e9ficier d\u2019un Service.<\/p>\n<p>Ces donn\u00e9es sont&nbsp;:<\/p>\n<p>\u2013&nbsp;&nbsp;&nbsp;&nbsp;&nbsp;&nbsp; Donn\u00e9es de contact comprenant votre identit\u00e9 (Civilit\u00e9, Nom, Pr\u00e9nom, Date de naissance) vos informations de contact (Adresse postale, Adresse \u00e9lectronique, Num\u00e9ro de t\u00e9l\u00e9phone)<\/p>\n<p>\u2013&nbsp;&nbsp;&nbsp;&nbsp;&nbsp;&nbsp; Donn\u00e9es de navigation et de connexion&nbsp;: Adresse IP, donn\u00e9es de Connexion et de Navigation<\/p>\n<p>\u2013&nbsp;&nbsp;&nbsp;&nbsp;&nbsp;&nbsp; Donn\u00e9es relatives \u00e0 l\u2019organisation et au traitement des jeux concours pr\u00e9sents sur nos supports<\/p>\n<p>Lors de la collecte des Donn\u00e9es personnelles, les formulaires de cr\u00e9ation de compte, de commande en ligne ou de renseignement pr\u00e9cisent les donn\u00e9es qui doivent imp\u00e9rativement \u00eatre communiqu\u00e9es pour b\u00e9n\u00e9ficier du Service concern\u00e9, les donn\u00e9es facultatives, les finalit\u00e9s du traitement et la dur\u00e9e de conservation de ces derni\u00e8res.<\/p>\n<p><u>Donn\u00e9es comportementales et d\u2019interaction<\/u><\/p>\n<p>Dans le cadre de l\u2019utilisation de nos Services Pawnee est susceptible de recueillir des donn\u00e9es issues de votre navigation par le biais d\u2019outils techniques&nbsp;: Cookies, tag, balises, et tout autre moyen technique mis en \u0153uvre sur les Services.<\/p>\n<p>Ces informations sont n\u00e9cessaires pour pouvoir b\u00e9n\u00e9ficier de certaines fonctionnalit\u00e9s de nos Services.<\/p>\n<p>Les outils nous donnent acc\u00e8s notamment sous r\u00e9serves de vos choix aux informations suivantes :<\/p>\n<p>\u2013&nbsp;&nbsp;&nbsp;&nbsp;&nbsp;&nbsp; Identifiant de l\u2019\u00e9quipement utilis\u00e9 lors de la consultation des services&nbsp;(Adresse IP de votre terminal, identifiant Android, identifiant Apple\u2026)<\/p>\n<p>\u2013&nbsp;&nbsp;&nbsp;&nbsp;&nbsp;&nbsp; Syst\u00e8me d\u2019exploitation utilis\u00e9 par votre terminal (Microsoft Windows, Apple OS, Android OS\u2026)<\/p>\n<p>\u2013&nbsp;&nbsp;&nbsp;&nbsp;&nbsp;&nbsp; Type et version du logiciel de navigation utilis\u00e9 par votre terminal (Microsoft Internet Explorer, Google Chrome, Apple Safari\u2026)<\/p>\n<p>\u2013&nbsp;&nbsp;&nbsp;&nbsp;&nbsp;&nbsp; Date et heure de connexion \u00e0 nos Services<\/p>\n<p>\u2013&nbsp;&nbsp;&nbsp;&nbsp;&nbsp;&nbsp; Donn\u00e9es fournie par les terminaux mobiles en consultant nos applications mobile (g\u00e9olocalisation, push, mod\u00e8le de votre t\u00e9l\u00e9phone, version de son syst\u00e8me d\u2019exploitation, type de connectivit\u00e9, Nom et version de l\u2019application utilis\u00e9e)<\/p>\n<p>\u2013&nbsp;&nbsp;&nbsp;&nbsp;&nbsp;&nbsp; Donn\u00e9es de navigation sur nos Services et contenus consult\u00e9s<\/p>\n<p>\u2013&nbsp;&nbsp;&nbsp;&nbsp;&nbsp;&nbsp; Informations sur la lecture ou non des e-mails que nous vous adressons, sur les clics que vous faites sur les liens contenus dans ces e-mails<\/p>\n<p>Nos Services sont par ailleurs susceptibles d\u2019inclure des scripts, tags et redirections de tiers. Ces outils permettent aux fournisseurs de services et partenaires tiers de collecter des donn\u00e9es \u00e0 des fins statistiques, de mesures d\u2019audience, et de personnalisation des publicit\u00e9s. Pour en savoir plus nous vous invitons \u00e0 consulter la rubrique relative aux Cookies, pr\u00e9sente sous cette section.<\/p>\n<p><u>Donn\u00e9es que nous supposons<\/u><\/p>\n<p>Pawnee dans le cadre de son activit\u00e9 est susceptible de r\u00e9aliser des suppositions sur les contenus et services \u00e0 m\u00eame de r\u00e9pondre \u00e0 vos centres d\u2019int\u00e9r\u00eats et vos usages. Ces donn\u00e9es statistiques se basent sur les donn\u00e9es pr\u00e9c\u00e9demment list\u00e9es et nous permettent de personnaliser vos contenus, newsletters et les communications envoy\u00e9es par email ou SMS. Les donn\u00e9es utilis\u00e9es dans le cadre de cet usage sont r\u00e9alis\u00e9es dans les conditions de s\u00e9curit\u00e9 et d\u2019anonymisation des donn\u00e9es appropri\u00e9es.<\/p>\n<h2>Finalit\u00e9s des traitements de donn\u00e9es personnelles<\/h2>\n<p>Les Donn\u00e9es Personnelles sont recueillies et\/ou trait\u00e9es \u00e0 l\u2019occasion de l\u2019utilisation par l\u2019Utilisateur du Service et sont destin\u00e9es \u00e0 Pawnee et \u00e0 ses filiales afin notamment&nbsp;de :<\/p>\n<p>Fournir le Service, assurer son bon fonctionnement, notamment pour fournir \u00e0 l\u2019Utilisateur les renseignements recherch\u00e9s et traiter ses requ\u00eates ;<\/p>\n<p>Am\u00e9liorer le Service, notamment pour optimiser ou offrir de nouvelles fonctionnalit\u00e9s au Service&nbsp;;<\/p>\n<p>Faciliter la navigation de l\u2019Utilisateur sur le Service&nbsp;;<\/p>\n<p>Proc\u00e9der \u00e0 l\u2019inscription des Utilisateurs au Service, le cas \u00e9ch\u00e9ant&nbsp;;<\/p>\n<p>G\u00e9rer les abonnements \u00e0 nos newsletters et e-mails&nbsp;;<\/p>\n<p>Adapter et optimiser l\u2019affichage des contenus, notamment publicitaires, du Service, et des offres promotionnelles, aux param\u00e8tres ou pr\u00e9f\u00e9rences, app\u00e9tences et centres d\u2019int\u00e9r\u00eats, av\u00e9r\u00e9s, suppos\u00e9s ou d\u00e9duits, de l\u2019Utilisateur, pouvant r\u00e9sulter de son utilisation du Service, des informations qu\u2019il a saisies ou de sa navigation et de ses interactions avec le Service&nbsp;;<\/p>\n<p>Informer les Utilisateurs des offres et actualit\u00e9s de Pawnee, sauf opposition de la part de l\u2019Utilisateur, ainsi que des offres et actualit\u00e9s des partenaires de Pawnee ou de la R\u00e9gie Publicitaire, si l\u2019Utilisateur a donn\u00e9 son consentement&nbsp;;<\/p>\n<p>G\u00e9rer l\u2019exercice de vos droits sur vos donn\u00e9es personnelles, dans les conditions pr\u00e9vues \u00e0 l\u2019article droits des utilisateurs ;<\/p>\n<p>V\u00e9rifier le respect de la l\u00e9gislation applicable, de nos contrats et conditions g\u00e9n\u00e9rales d\u2019utilisation&nbsp;;<\/p>\n<p>Partager, ou louer des fichiers avec des partenaires commerciaux dans le respect de la r\u00e9glementation en vigueur et des exigences de s\u00e9curit\u00e9, si l\u2019Utilisateur a donn\u00e9 son consentement&nbsp;;<\/p>\n<p>M\u00e9moriser les informations relatives \u00e0 un formulaire que vous avez rempli sur notre site (inscription ou acc\u00e8s \u00e0 votre compte) ou \u00e0 des produits, services ou informations que vous avez choisis sur notre site (service souscrit, contenu consult\u00e9, achat effectu\u00e9, etc.)<\/p>\n<p>Mettre \u00e0 votre disposition des outils de partage sur les r\u00e9seaux sociaux ;<\/p>\n<p>\u00c9tablir des statistiques sur les volumes de fr\u00e9quentation et d\u2019utilisation des divers \u00e9l\u00e9ments composant le Service (rubriques et contenus visit\u00e9s, parcours) afin d\u2019am\u00e9liorer l\u2019int\u00e9r\u00eat et l\u2019ergonomie de nos services ;<\/p>\n<p>D\u00e9terminer des centres d\u2019int\u00e9r\u00eat et des comportements et ainsi am\u00e9liorer la connaissance clients\/utilisateurs \u00e0 des fins de personnalisation&nbsp;;<\/p>\n<p>Adapter les espaces publicitaires aux pr\u00e9f\u00e9rences d\u2019affichage de votre terminal (identification des publicit\u00e9s, \u00e9tablissement de statistiques et volumes de fr\u00e9quentation et d\u2019utilisation des divers \u00e9l\u00e9ments composant notre site&nbsp;: rubriques et contenus visit\u00e9s, parcours) afin d\u2019am\u00e9liorer l\u2019int\u00e9r\u00eat et l\u2019ergonomie de nos services&nbsp;;<\/p>\n<p>Adapter les publicit\u00e9s affich\u00e9es sur votre terminal lors de votre navigation sur nos sites et applications aux caract\u00e9ristiques techniques de celui-ci, \u00e0 vos choix de navigation ant\u00e9rieurs, \u00e0 vos centres d\u2019int\u00e9r\u00eat et usages, aux donn\u00e9es que vous nous avez ant\u00e9rieurement communiqu\u00e9es, le cas \u00e9ch\u00e9ant, aux donn\u00e9es de localisation g\u00e9ographique de votre terminal;<\/p>\n<h2>Destinataires des donn\u00e9es personnelles<\/h2>\n<p>Les Donn\u00e9es Personnelles recueillies et\/ou trait\u00e9es \u00e0 l\u2019occasion de l\u2019utilisation par l\u2019Utilisateur du Service sont destin\u00e9es aux&nbsp;:<br>services de Pawnee,<br>personnes habilit\u00e9es et autoris\u00e9es de Pawnee ayant, de par leurs fonctions, besoin d\u2019en avoir connaissance pour les finalit\u00e9s du traitement,<br>sous-traitants et prestataires de Pawnee,<br>partenaires de Pawnee, dont notre service de R\u00e9gie Publicitaire et ses partenaires.<\/p>\n<p>Par ailleurs vos donn\u00e9es sont susceptibles d\u2019\u00eatre partag\u00e9e avec des tiers et notamment&nbsp;:<\/p>\n<p>1.&nbsp;&nbsp;&nbsp;&nbsp;&nbsp;<u>Les Sous-traitants techniques<\/u><\/p>\n<p>Ils nous permettent d\u2019assurer la gestion des Services&nbsp;tel que :<\/p>\n<p>\u00b7&nbsp;&nbsp;&nbsp;&nbsp;&nbsp; R\u00e9alisation d\u2019op\u00e9rations de maintenances et de d\u00e9veloppement techniques<\/p>\n<p>\u00b7&nbsp;&nbsp;&nbsp;&nbsp;&nbsp; Fourniture de solutions analytiques ou de statistiques de mesure d\u2019audience<\/p>\n<p>\u00b7&nbsp;&nbsp;&nbsp;&nbsp;&nbsp; Fourniture de ciblage pr\u00e9dictif dans le cadre de nos campagnes d\u2019email marketing<\/p>\n<p>2.&nbsp;&nbsp;&nbsp;&nbsp;&nbsp;<u>Plates-formes de r\u00e9seaux sociaux<\/u><\/p>\n<p>L\u2019utilisation des r\u00e9seaux sociaux pour interagir avec nos sites et applications (notamment les boutons \u00ab partager \u00bb de Facebook, Twitter, Instagram) est en effet susceptible d\u2019entra\u00eener des \u00e9changes de donn\u00e9es entre Pawnee et ces r\u00e9seaux sociaux. Par exemple, si vous \u00eates connect\u00e9 au r\u00e9seau social Facebook et que vous consultez une page sur l\u2019un de nos sites, Facebook est susceptible de collecter cette information. De m\u00eame, si vous consultez un article sur l\u2019un de nos sites et que vous cliquez sur le bouton \u00ab tweeter \u00bb, Twitter collectera cette information. Nous vous invitons donc \u00e0 consulter les politiques de gestion des donn\u00e9es personnelles des diff\u00e9rents r\u00e9seaux sociaux pour avoir connaissance des collectes et traitements qu\u2019ils effectuent sur vos donn\u00e9es.<\/p>\n<p>3.&nbsp;&nbsp;&nbsp;&nbsp;&nbsp;<u>Nos partenaires commerciaux<\/u><u><\/u><\/p>\n<p>Lorsqu\u2019elle transmet vos Donn\u00e9es Personnelles \u00e0 des tiers, Pawnee encadre contractuellement cette transmission afin que le partenaire se conforme \u00e0 la r\u00e9glementation en mati\u00e8re de donn\u00e9es personnelles. Toutefois, Pawnee n\u2019est pas responsable du traitement par ses partenaires de vos donn\u00e9es d\u00e9claratives une fois qu\u2019elles leur ont \u00e9t\u00e9 transmises. Pour ne plus recevoir les offres commerciales de nos partenaires actuels, nous vous sugg\u00e9rons, pour plus d\u2019informations, de vous r\u00e9f\u00e9rer \u00e0 leurs conditions. Pour ne pas recevoir d\u2019offres commerciales de nos partenaires futurs, vous pouvez exercer votre droit d\u2019opposition depuis la page de gestion des abonnements ou en adressant un email \u00e0 l\u2019adresse contact@mon-quotidien.net<\/p>\n<p>Nos partenaires commerciaux peuvent faire parti des secteurs d\u2019activit\u00e9s suivants:<\/p>\n<table border=\"0\" width=\"627\" cellspacing=\"0\" cellpadding=\"0\">\n<tbody>\n<tr>\n<td valign=\"top\" width=\"314\"><p>Activit\u00e9s agricoles<\/p>\n<p>Activit\u00e9s artisanales<\/p>\n<p>Agences conseil<\/p>\n<p>Alimentaire\/Restauration\/Vins<\/p>\n<p>Automobile\/Moto<\/p>\n<p>Banque\/Assurance\/Cr\u00e9dit<\/p>\n<p>B\u00e2timent\/Construction\/am\u00e9nagement ext\u00e9rieur\/int\u00e9rieur\/Habitat<\/p>\n<p>Caritatif\/Humanitaire<\/p>\n<p>Commerce de d\u00e9tails\/petits commerces de proximit\u00e9<\/p>\n<p>Culture\/Edition\/Cin\u00e9ma<\/p>\n<p>Electrom\u00e9nager<\/p>\n<p>Energie (Gaz, fioul, \u00e9lectricit\u00e9\u2026)<\/p>\n<p>Etudes\/sondages<\/p>\n<p>Ev\u00e8nementiel<\/p>\n<p>Formation\/Ecoles<\/p>\n<p>Formation professionnelle<\/p>\n<p>Hygi\u00e8ne\/Sant\u00e9\/Beaut\u00e9<\/p>\n<p>Grande distribution<\/p>\n<p>Immobilier<\/p>\n<p>Jeux\/jouets<\/p>\n<p>Loisirs\/Sport\/voyages\/Tourisme\/h\u00e9bergement<\/p>\n<p>Optique\/aides auditives<\/p>\n<p>Organismes publics<\/p>\n<p>Presse\/M\u00e9dias<\/p>\n<p>Pu\u00e9riculture\/ Enfants<\/p>\n<p>Services \u00e0 la personne<\/p>\n<p>T\u00e9l\u00e9phonie\/Internet\/Informatique<\/p>\n<p>Textile\/Pr\u00eat \u00e0 porter\/maroquinerie\/\u00e9quipements de la personne<\/p>\n<p>Services aux entreprises<\/p>\n<p>Informatique et \u00e9diteurs de logiciels<\/p>\n<\/td>\n<\/tr>\n<\/tbody>\n<\/table>\n<p>4.&nbsp;&nbsp;&nbsp;&nbsp;&nbsp;<u>Les autorit\u00e9s de police, autorit\u00e9s judiciaires ou administratives<\/u><\/p>\n<p>Conform\u00e9ment \u00e0 la r\u00e9glementation en vigueur, les donn\u00e9es d\u00e9claratives peuvent \u00eatre transmises aux autorit\u00e9s comp\u00e9tentes sur requ\u00eate<\/p>\n<h2>Droits des utilisateurs<\/h2>\n<p>Conform\u00e9ment \u00e0 la R\u00e9glementation Applicable, sous r\u00e9serve d\u2019une demande expresse et de justifier de leur identit\u00e9 aupr\u00e8s de Pawnee, l\u2019Utilisateur b\u00e9n\u00e9ficie d\u2019un droit d\u2019acc\u00e8s \u00e0 ses Donn\u00e9es Personnelles et, le cas \u00e9ch\u00e9ant, d\u2019un droit de rectification, d\u2019un droit d\u2019opposition, ainsi que d\u2019un droit \u00e0 l\u2019effacement, dans les conditions de la R\u00e9glementation Applicable.<\/p>\n<p>En cas d\u2019exercice du droit d\u2019opposition, Pawnee cessera le traitement des Donn\u00e9es Personnelles, sauf en cas de motif(s) l\u00e9gitime(s) et imp\u00e9rieux pour le traitement, ou pour assurer la constatation, l\u2019exercice ou la d\u00e9fense de ses droits en justice, conform\u00e9ment \u00e0 la R\u00e9glementation Applicable. Le cas \u00e9ch\u00e9ant, Pawnee informera l\u2019Utilisateur des motifs pour lesquels les droits qu\u2019il exerce ne sauraient \u00eatre satisfaits en tout ou partie.<\/p>\n<p>Sous r\u00e9serve d\u2019une demande expresse et de justifier de leur identit\u00e9 aupr\u00e8s de Pawnee, l\u2019Utilisateur dispose \u00e9galement du droit de r\u00e9cup\u00e9rer ses Donn\u00e9es Personnelles dans un format structur\u00e9, couramment utilis\u00e9 et lisible par machine, afin de les transmettre \u00e0 un autre responsable du traitement.<\/p>\n<p>L\u2019Utilisateur a la facult\u00e9 de fournir \u00e0 Pawnee des directives relatives au sort de ses Donn\u00e9es Personnelles apr\u00e8s son d\u00e9c\u00e8s.<\/p>\n<p>Pour exercer les droits mentionn\u00e9s dans le pr\u00e9sent Article, l\u2019Utilisateur peut contacter Pawnee en joignant \u00e0 sa demande la copie d\u2019une pi\u00e8ce d\u2019identit\u00e9 aux coordonn\u00e9es indiqu\u00e9es \u00e0 l\u2019article contact et r\u00e9clamations ci-dessous.<\/p>\t\t\t\t\t\t\t\t<\/div>\n\t\t\t\t\t<\/div>\n\t\t<\/div>\n\t\t\t\t\t<\/div>\n\t\t<\/section>\n\t\t\t\t<\/div>\n\t\t","protected":false},"excerpt":{"rendered":"<p>olitique de donn\u00e9es personnelles Pawnee est \u00e9diteur de sites de contenus et services en ligne accessibles depuis tout type de supports num\u00e9riques incluant notamment sites web, applications, plates-formes sociales, newsletter, et tout autre support existant (ci-apr\u00e8s les \u00ab&nbsp;Services&nbsp;\u00bb). Pawnee est tr\u00e8s attach\u00e9e au respect de la vie priv\u00e9e des utilisateurs de ses Services (ci-apr\u00e8s les<\/p>\n","protected":false},"author":1,"featured_media":0,"parent":0,"menu_order":0,"comment_status":"closed","ping_status":"closed","template":"page-templates\/no-wrapper.php","meta":{"footnotes":""},"class_list":["post-4912","page","type-page","status-publish"],"_links":{"self":[{"href":"https:\/\/tmp.astucebudget.fr\/index.php?rest_route=\/wp\/v2\/pages\/4912","targetHints":{"allow":["GET"]}}],"collection":[{"href":"https:\/\/tmp.astucebudget.fr\/index.php?rest_route=\/wp\/v2\/pages"}],"about":[{"href":"https:\/\/tmp.astucebudget.fr\/index.php?rest_route=\/wp\/v2\/types\/page"}],"author":[{"embeddable":true,"href":"https:\/\/tmp.astucebudget.fr\/index.php?rest_route=\/wp\/v2\/users\/1"}],"replies":[{"embeddable":true,"href":"https:\/\/tmp.astucebudget.fr\/index.php?rest_route=%2Fwp%2Fv2%2Fcomments&post=4912"}],"version-history":[{"count":4,"href":"https:\/\/tmp.astucebudget.fr\/index.php?rest_route=\/wp\/v2\/pages\/4912\/revisions"}],"predecessor-version":[{"id":4917,"href":"https:\/\/tmp.astucebudget.fr\/index.php?rest_route=\/wp\/v2\/pages\/4912\/revisions\/4917"}],"wp:attachment":[{"href":"https:\/\/tmp.astucebudget.fr\/index.php?rest_route=%2Fwp%2Fv2%2Fmedia&parent=4912"}],"curies":[{"name":"wp","href":"https:\/\/api.w.org\/{rel}","templated":true}]}}